{"id":3148,"date":"2026-03-18T16:16:34","date_gmt":"2026-03-18T14:16:34","guid":{"rendered":"https:\/\/puntualisimo.com\/?page_id=3148"},"modified":"2026-03-18T16:25:17","modified_gmt":"2026-03-18T14:25:17","slug":"mudanzas-y-transportes-internacionales","status":"publish","type":"page","link":"https:\/\/puntualisimo.com\/fr\/mudanzas-y-transportes-internacionales\/","title":{"rendered":"Mudanzas y transportes Internacionales"},"content":{"rendered":"<div data-elementor-type=\"wp-page\" data-elementor-id=\"3148\" class=\"elementor elementor-3148\" data-elementor-post-type=\"page\">\n\t\t\t\t<div class=\"elementor-element elementor-element-863ec92 e-flex e-con-boxed wpr-particle-no wpr-jarallax-no wpr-parallax-no wpr-sticky-section-no wpr-equal-height-no e-con e-parent\" data-id=\"863ec92\" data-element_type=\"container\" data-e-type=\"container\" data-settings=\"{&quot;background_background&quot;:&quot;classic&quot;}\">\n\t\t\t\t\t<div class=\"e-con-inner\">\n\t\t\t\t<div class=\"elementor-element elementor-element-7484c26 elementor-icon-list--layout-traditional elementor-list-item-link-full_width elementor-widget elementor-widget-icon-list\" data-id=\"7484c26\" data-element_type=\"widget\" data-e-type=\"widget\" data-widget_type=\"icon-list.default\">\n\t\t\t\t<div class=\"elementor-widget-container\">\n\t\t\t\t\t\t\t<ul class=\"elementor-icon-list-items\">\n\t\t\t\t\t\t\t<li class=\"elementor-icon-list-item\">\n\t\t\t\t\t\t\t\t\t\t\t<span class=\"elementor-icon-list-icon\">\n\t\t\t\t\t\t\t<svg aria-hidden=\"true\" class=\"e-font-icon-svg e-fas-square-full\" viewbox=\"0 0 512 512\" xmlns=\"http:\/\/www.w3.org\/2000\/svg\"><path d=\"M512 512H0V0h512v512z\"><\/path><\/svg>\t\t\t\t\t\t<\/span>\n\t\t\t\t\t\t\t\t\t\t<span class=\"elementor-icon-list-text\">MUDANZAS NACIONAES E INTERNACIONALES PUNTUALISIMO<\/span>\n\t\t\t\t\t\t\t\t\t<\/li>\n\t\t\t\t\t\t<\/ul>\n\t\t\t\t\t\t<\/div>\n\t\t\t\t<\/div>\n\t\t\t\t<div class=\"elementor-element elementor-element-d5a07b9 elementor-widget-divider--view-line elementor-widget elementor-widget-divider\" data-id=\"d5a07b9\" data-element_type=\"widget\" data-e-type=\"widget\" data-widget_type=\"divider.default\">\n\t\t\t\t<div class=\"elementor-widget-container\">\n\t\t\t\t\t\t\t<div class=\"elementor-divider\">\n\t\t\t<span class=\"elementor-divider-separator\">\n\t\t\t\t\t\t<\/span>\n\t\t<\/div>\n\t\t\t\t\t\t<\/div>\n\t\t\t\t<\/div>\n\t\t\t\t<div class=\"elementor-element elementor-element-29112b1 elementor-widget elementor-widget-heading\" data-id=\"29112b1\" data-element_type=\"widget\" data-e-type=\"widget\" data-widget_type=\"heading.default\">\n\t\t\t\t<div class=\"elementor-widget-container\">\n\t\t\t\t\t<h1 class=\"elementor-heading-title elementor-size-default\">Servicio de Mudanzas y Transportes Internacionales<\/h1>\t\t\t\t<\/div>\n\t\t\t\t<\/div>\n\t\t\t\t\t<\/div>\n\t\t\t\t<\/div>\n\t\t<div class=\"elementor-element elementor-element-001f3b9 e-flex e-con-boxed wpr-particle-no wpr-jarallax-no wpr-parallax-no wpr-sticky-section-no wpr-equal-height-no e-con e-parent\" data-id=\"001f3b9\" data-element_type=\"container\" data-e-type=\"container\">\n\t\t\t\t\t<div class=\"e-con-inner\">\n\t\t\t\t<div class=\"elementor-element elementor-element-6eaa029 elementor-icon-list--layout-traditional elementor-list-item-link-full_width elementor-widget elementor-widget-icon-list\" data-id=\"6eaa029\" data-element_type=\"widget\" data-e-type=\"widget\" data-widget_type=\"icon-list.default\">\n\t\t\t\t<div class=\"elementor-widget-container\">\n\t\t\t\t\t\t\t<ul class=\"elementor-icon-list-items\">\n\t\t\t\t\t\t\t<li class=\"elementor-icon-list-item\">\n\t\t\t\t\t\t\t\t\t\t\t<span class=\"elementor-icon-list-icon\">\n\t\t\t\t\t\t\t<svg aria-hidden=\"true\" class=\"e-font-icon-svg e-fas-square-full\" viewbox=\"0 0 512 512\" xmlns=\"http:\/\/www.w3.org\/2000\/svg\"><path d=\"M512 512H0V0h512v512z\"><\/path><\/svg>\t\t\t\t\t\t<\/span>\n\t\t\t\t\t\t\t\t\t\t<span class=\"elementor-icon-list-text\">Mudanzas y transportes internacionales disponibles en <\/span>\n\t\t\t\t\t\t\t\t\t<\/li>\n\t\t\t\t\t\t<\/ul>\n\t\t\t\t\t\t<\/div>\n\t\t\t\t<\/div>\n\t\t\t\t<div class=\"elementor-element elementor-element-238909c elementor-widget-divider--view-line elementor-widget elementor-widget-divider\" data-id=\"238909c\" data-element_type=\"widget\" data-e-type=\"widget\" data-widget_type=\"divider.default\">\n\t\t\t\t<div class=\"elementor-widget-container\">\n\t\t\t\t\t\t\t<div class=\"elementor-divider\">\n\t\t\t<span class=\"elementor-divider-separator\">\n\t\t\t\t\t\t<\/span>\n\t\t<\/div>\n\t\t\t\t\t\t<\/div>\n\t\t\t\t<\/div>\n\t\t\t\t\t<\/div>\n\t\t\t\t<\/div>\n\t\t<div class=\"elementor-element elementor-element-29668ff e-grid e-con-boxed wpr-particle-no wpr-jarallax-no wpr-parallax-no wpr-sticky-section-no wpr-equal-height-no e-con e-parent\" data-id=\"29668ff\" data-element_type=\"container\" data-e-type=\"container\">\n\t\t\t\t\t<div class=\"e-con-inner\">\n\t\t<a class=\"elementor-element elementor-element-f9cab5e e-con-full e-flex wpr-particle-no wpr-jarallax-no wpr-parallax-no wpr-sticky-section-no wpr-equal-height-no e-con e-child\" data-id=\"f9cab5e\" data-element_type=\"container\" data-e-type=\"container\" data-settings=\"{&quot;background_background&quot;:&quot;classic&quot;}\">\n\t\t\t\t<div class=\"elementor-element elementor-element-a2749af elementor-widget elementor-widget-image\" data-id=\"a2749af\" data-element_type=\"widget\" data-e-type=\"widget\" data-widget_type=\"image.default\">\n\t\t\t\t<div class=\"elementor-widget-container\">\n\t\t\t\t\t\t\t\t\t\t\t\t\t\t\t<img decoding=\"async\" src=\"https:\/\/puntualisimo.com\/wp-content\/uploads\/elementor\/thumbs\/98-rkoz9x6fuo3ywta74v9l8c4fn90cy8it7rzrooy24g.webp\" title=\"98\" alt=\"98\" loading=\"lazy\" \/>\t\t\t\t\t\t\t\t\t\t\t\t\t\t\t<\/div>\n\t\t\t\t<\/div>\n\t\t\t\t<div class=\"elementor-element elementor-element-3ee8508 elementor-widget elementor-widget-heading\" data-id=\"3ee8508\" data-element_type=\"widget\" data-e-type=\"widget\" data-widget_type=\"heading.default\">\n\t\t\t\t<div class=\"elementor-widget-container\">\n\t\t\t\t\t<h2 class=\"elementor-heading-title elementor-size-default\">Francia<\/h2>\t\t\t\t<\/div>\n\t\t\t\t<\/div>\n\t\t\t\t<\/a>\n\t\t<div class=\"elementor-element elementor-element-4cc51a7 e-con-full e-flex wpr-particle-no wpr-jarallax-no wpr-parallax-no wpr-sticky-section-no wpr-equal-height-no e-con e-child\" data-id=\"4cc51a7\" data-element_type=\"container\" data-e-type=\"container\" data-settings=\"{&quot;background_background&quot;:&quot;classic&quot;}\">\n\t\t\t\t<div class=\"elementor-element elementor-element-c90a12d elementor-widget elementor-widget-image\" data-id=\"c90a12d\" data-element_type=\"widget\" data-e-type=\"widget\" data-widget_type=\"image.default\">\n\t\t\t\t<div class=\"elementor-widget-container\">\n\t\t\t\t\t\t\t\t\t\t\t\t\t\t\t\t<a href=\"https:\/\/puntualisimo.com\/fr\/servicios\/#presu\">\n\t\t\t\t\t\t\t<img decoding=\"async\" src=\"https:\/\/puntualisimo.com\/wp-content\/uploads\/elementor\/thumbs\/francia-3-800x414-1-rkoz9zzyf67tvn63oehgxtetfemglbu085y84itvls.jpg\" title=\"francia-3-800&#215;414\" alt=\"francia-3-800x414\" loading=\"lazy\" \/>\t\t\t\t\t\t\t\t<\/a>\n\t\t\t\t\t\t\t\t\t\t\t\t\t\t\t<\/div>\n\t\t\t\t<\/div>\n\t\t\t\t<div class=\"elementor-element elementor-element-b556b47 elementor-widget elementor-widget-heading\" data-id=\"b556b47\" data-element_type=\"widget\" data-e-type=\"widget\" data-widget_type=\"heading.default\">\n\t\t\t\t<div class=\"elementor-widget-container\">\n\t\t\t\t\t<h2 class=\"elementor-heading-title elementor-size-default\">Paris<\/h2>\t\t\t\t<\/div>\n\t\t\t\t<\/div>\n\t\t\t\t<\/div>\n\t\t<div class=\"elementor-element elementor-element-2968a59 e-con-full e-flex wpr-particle-no wpr-jarallax-no wpr-parallax-no wpr-sticky-section-no wpr-equal-height-no e-con e-child\" data-id=\"2968a59\" data-element_type=\"container\" data-e-type=\"container\" data-settings=\"{&quot;background_background&quot;:&quot;classic&quot;}\">\n\t\t\t\t<div class=\"elementor-element elementor-element-a0a56df elementor-widget elementor-widget-image\" data-id=\"a0a56df\" data-element_type=\"widget\" data-e-type=\"widget\" data-widget_type=\"image.default\">\n\t\t\t\t<div class=\"elementor-widget-container\">\n\t\t\t\t\t\t\t\t\t\t\t\t\t\t\t\t<a href=\"https:\/\/puntualisimo.com\/fr\/servicios\/#presu\">\n\t\t\t\t\t\t\t<img decoding=\"async\" src=\"https:\/\/puntualisimo.com\/wp-content\/uploads\/2026\/03\/Cassis_town.avif\" title=\"Cassis_town\" alt=\"Cassis_town\" loading=\"lazy\" \/>\t\t\t\t\t\t\t\t<\/a>\n\t\t\t\t\t\t\t\t\t\t\t\t\t\t\t<\/div>\n\t\t\t\t<\/div>\n\t\t\t\t<div class=\"elementor-element elementor-element-3f5eee7 elementor-widget elementor-widget-heading\" data-id=\"3f5eee7\" data-element_type=\"widget\" data-e-type=\"widget\" data-widget_type=\"heading.default\">\n\t\t\t\t<div class=\"elementor-widget-container\">\n\t\t\t\t\t<h2 class=\"elementor-heading-title elementor-size-default\">Marsella<\/h2>\t\t\t\t<\/div>\n\t\t\t\t<\/div>\n\t\t\t\t<\/div>\n\t\t<div class=\"elementor-element elementor-element-0baaf95 e-con-full e-flex wpr-particle-no wpr-jarallax-no wpr-parallax-no wpr-sticky-section-no wpr-equal-height-no e-con e-child\" data-id=\"0baaf95\" data-element_type=\"container\" data-e-type=\"container\" data-settings=\"{&quot;background_background&quot;:&quot;classic&quot;}\">\n\t\t\t\t<div class=\"elementor-element elementor-element-b0ce87e elementor-widget elementor-widget-image\" data-id=\"b0ce87e\" data-element_type=\"widget\" data-e-type=\"widget\" data-widget_type=\"image.default\">\n\t\t\t\t<div class=\"elementor-widget-container\">\n\t\t\t\t\t\t\t\t\t\t\t\t\t\t\t\t<a href=\"https:\/\/puntualisimo.com\/fr\/servicios\/#presu\">\n\t\t\t\t\t\t\t<img decoding=\"async\" src=\"https:\/\/puntualisimo.com\/wp-content\/uploads\/elementor\/thumbs\/Que-ver-en-Belgica-rkoz9varh01e9lcxfugc3cligh9miubcjiosq50ugw.jpg\" title=\"Que-ver-en-Belgica\" alt=\"Que-ver-en-Belgica\" loading=\"lazy\" \/>\t\t\t\t\t\t\t\t<\/a>\n\t\t\t\t\t\t\t\t\t\t\t\t\t\t\t<\/div>\n\t\t\t\t<\/div>\n\t\t\t\t<div class=\"elementor-element elementor-element-5d7aea5 elementor-widget elementor-widget-heading\" data-id=\"5d7aea5\" data-element_type=\"widget\" data-e-type=\"widget\" data-widget_type=\"heading.default\">\n\t\t\t\t<div class=\"elementor-widget-container\">\n\t\t\t\t\t<h2 class=\"elementor-heading-title elementor-size-default\">B\u00e9lgica<\/h2>\t\t\t\t<\/div>\n\t\t\t\t<\/div>\n\t\t\t\t<\/div>\n\t\t<div class=\"elementor-element elementor-element-5cdfb04 e-con-full e-flex wpr-particle-no wpr-jarallax-no wpr-parallax-no wpr-sticky-section-no wpr-equal-height-no e-con e-child\" data-id=\"5cdfb04\" data-element_type=\"container\" data-e-type=\"container\" data-settings=\"{&quot;background_background&quot;:&quot;classic&quot;}\">\n\t\t\t\t<div class=\"elementor-element elementor-element-08bcd8e elementor-widget elementor-widget-image\" data-id=\"08bcd8e\" data-element_type=\"widget\" data-e-type=\"widget\" data-widget_type=\"image.default\">\n\t\t\t\t<div class=\"elementor-widget-container\">\n\t\t\t\t\t\t\t\t\t\t\t\t\t\t\t\t<a href=\"https:\/\/puntualisimo.com\/fr\/servicios\/#presu\">\n\t\t\t\t\t\t\t<img decoding=\"async\" src=\"https:\/\/puntualisimo.com\/wp-content\/uploads\/elementor\/thumbs\/bordeaux-franco-rkozbrwzbwnbt4l9b643nda5tlvf4qvr4yb8rc73uo.webp\" title=\"bordeaux-franco\" alt=\"bordeaux-franco\" loading=\"lazy\" \/>\t\t\t\t\t\t\t\t<\/a>\n\t\t\t\t\t\t\t\t\t\t\t\t\t\t\t<\/div>\n\t\t\t\t<\/div>\n\t\t\t\t<div class=\"elementor-element elementor-element-5de5955 elementor-widget elementor-widget-heading\" data-id=\"5de5955\" data-element_type=\"widget\" data-e-type=\"widget\" data-widget_type=\"heading.default\">\n\t\t\t\t<div class=\"elementor-widget-container\">\n\t\t\t\t\t<h2 class=\"elementor-heading-title elementor-size-default\">Burdeos<\/h2>\t\t\t\t<\/div>\n\t\t\t\t<\/div>\n\t\t\t\t<\/div>\n\t\t<div class=\"elementor-element elementor-element-48dbadd e-con-full e-flex wpr-particle-no wpr-jarallax-no wpr-parallax-no wpr-sticky-section-no wpr-equal-height-no e-con e-child\" data-id=\"48dbadd\" data-element_type=\"container\" data-e-type=\"container\" data-settings=\"{&quot;background_background&quot;:&quot;classic&quot;}\">\n\t\t\t\t<div class=\"elementor-element elementor-element-b326dcb elementor-widget elementor-widget-image\" data-id=\"b326dcb\" data-element_type=\"widget\" data-e-type=\"widget\" data-widget_type=\"image.default\">\n\t\t\t\t<div class=\"elementor-widget-container\">\n\t\t\t\t\t\t\t\t\t\t\t\t\t\t\t\t<a href=\"https:\/\/puntualisimo.com\/fr\/servicios\/#presu\">\n\t\t\t\t\t\t\t<img decoding=\"async\" src=\"https:\/\/puntualisimo.com\/wp-content\/uploads\/elementor\/thumbs\/nantes-hd-rkoz9tf33bytmdfnqtn2yd2l9piw3g3vv9dtrl3mtc.jpg\" title=\"nantes-hd\" alt=\"nantes-hd\" loading=\"lazy\" \/>\t\t\t\t\t\t\t\t<\/a>\n\t\t\t\t\t\t\t\t\t\t\t\t\t\t\t<\/div>\n\t\t\t\t<\/div>\n\t\t\t\t<div class=\"elementor-element elementor-element-b6a8a15 elementor-widget elementor-widget-heading\" data-id=\"b6a8a15\" data-element_type=\"widget\" data-e-type=\"widget\" data-widget_type=\"heading.default\">\n\t\t\t\t<div class=\"elementor-widget-container\">\n\t\t\t\t\t<h2 class=\"elementor-heading-title elementor-size-default\">Nantes<\/h2>\t\t\t\t<\/div>\n\t\t\t\t<\/div>\n\t\t\t\t<\/div>\n\t\t\t\t\t<\/div>\n\t\t\t\t<\/div>\n\t\t\t\t<\/div>","protected":false},"excerpt":{"rendered":"<p>MUDANZAS NACIONAES E INTERNACIONALES PUNTUALISIMO Servicio de Mudanzas y Transportes Internacionales Mudanzas y transportes internacionales disponibles en Francia Paris Marsella B\u00e9lgica Burdeos Nantes<\/p>","protected":false},"author":1,"featured_media":0,"parent":0,"menu_order":0,"comment_status":"closed","ping_status":"closed","template":"elementor_header_footer","meta":{"_joinchat":[],"footnotes":""},"class_list":["post-3148","page","type-page","status-publish","hentry"],"yoast_head":"<!-- This site is optimized with the Yoast SEO plugin v27.5 - https:\/\/yoast.com\/product\/yoast-seo-wordpress\/ -->\n<title>Mudanzas y transportes Internacionales - Puntualisimo<\/title>\n<meta name=\"description\" content=\"Tu operador log\u00edstico para mudanzas en toda Espa\u00f1a y Europa (Francia, Alemania, UK). Gesti\u00f3n de aduanas, rutas semanales y traslados seguros desde D\u00e9nia.\" \/>\n<meta name=\"robots\" content=\"index, follow, max-snippet:-1, max-image-preview:large, max-video-preview:-1\" \/>\n<link rel=\"canonical\" href=\"https:\/\/puntualisimo.com\/fr\/mudanzas-y-transportes-internacionales\/\" \/>\n<meta property=\"og:locale\" content=\"fr_FR\" \/>\n<meta property=\"og:type\" content=\"article\" \/>\n<meta property=\"og:title\" content=\"Mudanzas y transportes Internacionales - Puntualisimo\" \/>\n<meta property=\"og:description\" content=\"Tu operador log\u00edstico para mudanzas en toda Espa\u00f1a y Europa (Francia, Alemania, UK). Gesti\u00f3n de aduanas, rutas semanales y traslados seguros desde D\u00e9nia.\" \/>\n<meta property=\"og:url\" content=\"https:\/\/puntualisimo.com\/fr\/mudanzas-y-transportes-internacionales\/\" \/>\n<meta property=\"og:site_name\" content=\"Puntualisimo\" \/>\n<meta property=\"article:modified_time\" content=\"2026-03-18T14:25:17+00:00\" \/>\n<meta property=\"og:image\" content=\"https:\/\/puntualisimo.com\/wp-content\/uploads\/elementor\/thumbs\/98-rkoz9x6fuo3ywta74v9l8c4fn90cy8it7rzrooy24g.webp\" \/>\n<meta name=\"twitter:card\" content=\"summary_large_image\" \/>\n<meta name=\"twitter:label1\" content=\"Dur\u00e9e de lecture estim\u00e9e\" \/>\n\t<meta name=\"twitter:data1\" content=\"2 minutes\" \/>\n<script type=\"application\/ld+json\" class=\"yoast-schema-graph\">{\"@context\":\"https:\\\/\\\/schema.org\",\"@graph\":[{\"@type\":\"WebPage\",\"@id\":\"https:\\\/\\\/puntualisimo.com\\\/mudanzas-y-transportes-internacionales\\\/\",\"url\":\"https:\\\/\\\/puntualisimo.com\\\/mudanzas-y-transportes-internacionales\\\/\",\"name\":\"Mudanzas y transportes Internacionales - Puntualisimo\",\"isPartOf\":{\"@id\":\"https:\\\/\\\/puntualisimo.com\\\/#website\"},\"primaryImageOfPage\":{\"@id\":\"https:\\\/\\\/puntualisimo.com\\\/mudanzas-y-transportes-internacionales\\\/#primaryimage\"},\"image\":{\"@id\":\"https:\\\/\\\/puntualisimo.com\\\/mudanzas-y-transportes-internacionales\\\/#primaryimage\"},\"thumbnailUrl\":\"https:\\\/\\\/puntualisimo.com\\\/wp-content\\\/uploads\\\/elementor\\\/thumbs\\\/98-rkoz9x6fuo3ywta74v9l8c4fn90cy8it7rzrooy24g.webp\",\"datePublished\":\"2026-03-18T14:16:34+00:00\",\"dateModified\":\"2026-03-18T14:25:17+00:00\",\"description\":\"Tu operador log\u00edstico para mudanzas en toda Espa\u00f1a y Europa (Francia, Alemania, UK). Gesti\u00f3n de aduanas, rutas semanales y traslados seguros desde D\u00e9nia.\",\"breadcrumb\":{\"@id\":\"https:\\\/\\\/puntualisimo.com\\\/mudanzas-y-transportes-internacionales\\\/#breadcrumb\"},\"inLanguage\":\"fr-FR\",\"potentialAction\":[{\"@type\":\"ReadAction\",\"target\":[\"https:\\\/\\\/puntualisimo.com\\\/mudanzas-y-transportes-internacionales\\\/\"]}]},{\"@type\":\"ImageObject\",\"inLanguage\":\"fr-FR\",\"@id\":\"https:\\\/\\\/puntualisimo.com\\\/mudanzas-y-transportes-internacionales\\\/#primaryimage\",\"url\":\"https:\\\/\\\/puntualisimo.com\\\/wp-content\\\/uploads\\\/elementor\\\/thumbs\\\/98-rkoz9x6fuo3ywta74v9l8c4fn90cy8it7rzrooy24g.webp\",\"contentUrl\":\"https:\\\/\\\/puntualisimo.com\\\/wp-content\\\/uploads\\\/elementor\\\/thumbs\\\/98-rkoz9x6fuo3ywta74v9l8c4fn90cy8it7rzrooy24g.webp\"},{\"@type\":\"BreadcrumbList\",\"@id\":\"https:\\\/\\\/puntualisimo.com\\\/mudanzas-y-transportes-internacionales\\\/#breadcrumb\",\"itemListElement\":[{\"@type\":\"ListItem\",\"position\":1,\"name\":\"Home\",\"item\":\"https:\\\/\\\/puntualisimo.com\\\/\"},{\"@type\":\"ListItem\",\"position\":2,\"name\":\"Mudanzas y transportes Internacionales\"}]},{\"@type\":\"WebSite\",\"@id\":\"https:\\\/\\\/puntualisimo.com\\\/#website\",\"url\":\"https:\\\/\\\/puntualisimo.com\\\/\",\"name\":\"Puntualisimo\",\"description\":\"Servicio de Mudanzas y Transportes\",\"publisher\":{\"@id\":\"https:\\\/\\\/puntualisimo.com\\\/#organization\"},\"potentialAction\":[{\"@type\":\"SearchAction\",\"target\":{\"@type\":\"EntryPoint\",\"urlTemplate\":\"https:\\\/\\\/puntualisimo.com\\\/?s={search_term_string}\"},\"query-input\":{\"@type\":\"PropertyValueSpecification\",\"valueRequired\":true,\"valueName\":\"search_term_string\"}}],\"inLanguage\":\"fr-FR\"},{\"@type\":\"Organization\",\"@id\":\"https:\\\/\\\/puntualisimo.com\\\/#organization\",\"name\":\"Puntualisimo\",\"url\":\"https:\\\/\\\/puntualisimo.com\\\/\",\"logo\":{\"@type\":\"ImageObject\",\"inLanguage\":\"fr-FR\",\"@id\":\"https:\\\/\\\/puntualisimo.com\\\/#\\\/schema\\\/logo\\\/image\\\/\",\"url\":\"https:\\\/\\\/puntualisimo.com\\\/wp-content\\\/uploads\\\/2025\\\/05\\\/cropped-Logo-Mudanzas-y-Transporte-Transparente.png\",\"contentUrl\":\"https:\\\/\\\/puntualisimo.com\\\/wp-content\\\/uploads\\\/2025\\\/05\\\/cropped-Logo-Mudanzas-y-Transporte-Transparente.png\",\"width\":500,\"height\":319,\"caption\":\"Puntualisimo\"},\"image\":{\"@id\":\"https:\\\/\\\/puntualisimo.com\\\/#\\\/schema\\\/logo\\\/image\\\/\"}}]}<\/script>\n<!-- \/ Yoast SEO plugin. -->","yoast_head_json":{"title":"Mudanzas y transportes Internacionales - Puntualisimo","description":"Tu operador log\u00edstico para mudanzas en toda Espa\u00f1a y Europa (Francia, Alemania, UK). Gesti\u00f3n de aduanas, rutas semanales y traslados seguros desde D\u00e9nia.","robots":{"index":"index","follow":"follow","max-snippet":"max-snippet:-1","max-image-preview":"max-image-preview:large","max-video-preview":"max-video-preview:-1"},"canonical":"https:\/\/puntualisimo.com\/fr\/mudanzas-y-transportes-internacionales\/","og_locale":"fr_FR","og_type":"article","og_title":"Mudanzas y transportes Internacionales - Puntualisimo","og_description":"Tu operador log\u00edstico para mudanzas en toda Espa\u00f1a y Europa (Francia, Alemania, UK). Gesti\u00f3n de aduanas, rutas semanales y traslados seguros desde D\u00e9nia.","og_url":"https:\/\/puntualisimo.com\/fr\/mudanzas-y-transportes-internacionales\/","og_site_name":"Puntualisimo","article_modified_time":"2026-03-18T14:25:17+00:00","og_image":[{"url":"https:\/\/puntualisimo.com\/wp-content\/uploads\/elementor\/thumbs\/98-rkoz9x6fuo3ywta74v9l8c4fn90cy8it7rzrooy24g.webp","type":"","width":"","height":""}],"twitter_card":"summary_large_image","twitter_misc":{"Dur\u00e9e de lecture estim\u00e9e":"2 minutes"},"schema":{"@context":"https:\/\/schema.org","@graph":[{"@type":"WebPage","@id":"https:\/\/puntualisimo.com\/mudanzas-y-transportes-internacionales\/","url":"https:\/\/puntualisimo.com\/mudanzas-y-transportes-internacionales\/","name":"Mudanzas y transportes Internacionales - Puntualisimo","isPartOf":{"@id":"https:\/\/puntualisimo.com\/#website"},"primaryImageOfPage":{"@id":"https:\/\/puntualisimo.com\/mudanzas-y-transportes-internacionales\/#primaryimage"},"image":{"@id":"https:\/\/puntualisimo.com\/mudanzas-y-transportes-internacionales\/#primaryimage"},"thumbnailUrl":"https:\/\/puntualisimo.com\/wp-content\/uploads\/elementor\/thumbs\/98-rkoz9x6fuo3ywta74v9l8c4fn90cy8it7rzrooy24g.webp","datePublished":"2026-03-18T14:16:34+00:00","dateModified":"2026-03-18T14:25:17+00:00","description":"Tu operador log\u00edstico para mudanzas en toda Espa\u00f1a y Europa (Francia, Alemania, UK). Gesti\u00f3n de aduanas, rutas semanales y traslados seguros desde D\u00e9nia.","breadcrumb":{"@id":"https:\/\/puntualisimo.com\/mudanzas-y-transportes-internacionales\/#breadcrumb"},"inLanguage":"fr-FR","potentialAction":[{"@type":"ReadAction","target":["https:\/\/puntualisimo.com\/mudanzas-y-transportes-internacionales\/"]}]},{"@type":"ImageObject","inLanguage":"fr-FR","@id":"https:\/\/puntualisimo.com\/mudanzas-y-transportes-internacionales\/#primaryimage","url":"https:\/\/puntualisimo.com\/wp-content\/uploads\/elementor\/thumbs\/98-rkoz9x6fuo3ywta74v9l8c4fn90cy8it7rzrooy24g.webp","contentUrl":"https:\/\/puntualisimo.com\/wp-content\/uploads\/elementor\/thumbs\/98-rkoz9x6fuo3ywta74v9l8c4fn90cy8it7rzrooy24g.webp"},{"@type":"BreadcrumbList","@id":"https:\/\/puntualisimo.com\/mudanzas-y-transportes-internacionales\/#breadcrumb","itemListElement":[{"@type":"ListItem","position":1,"name":"Home","item":"https:\/\/puntualisimo.com\/"},{"@type":"ListItem","position":2,"name":"Mudanzas y transportes Internacionales"}]},{"@type":"WebSite","@id":"https:\/\/puntualisimo.com\/#website","url":"https:\/\/puntualisimo.com\/","name":"Puntualisimo","description":"Servicio de Mudanzas y Transportes","publisher":{"@id":"https:\/\/puntualisimo.com\/#organization"},"potentialAction":[{"@type":"SearchAction","target":{"@type":"EntryPoint","urlTemplate":"https:\/\/puntualisimo.com\/?s={search_term_string}"},"query-input":{"@type":"PropertyValueSpecification","valueRequired":true,"valueName":"search_term_string"}}],"inLanguage":"fr-FR"},{"@type":"Organization","@id":"https:\/\/puntualisimo.com\/#organization","name":"Puntualisimo","url":"https:\/\/puntualisimo.com\/","logo":{"@type":"ImageObject","inLanguage":"fr-FR","@id":"https:\/\/puntualisimo.com\/#\/schema\/logo\/image\/","url":"https:\/\/puntualisimo.com\/wp-content\/uploads\/2025\/05\/cropped-Logo-Mudanzas-y-Transporte-Transparente.png","contentUrl":"https:\/\/puntualisimo.com\/wp-content\/uploads\/2025\/05\/cropped-Logo-Mudanzas-y-Transporte-Transparente.png","width":500,"height":319,"caption":"Puntualisimo"},"image":{"@id":"https:\/\/puntualisimo.com\/#\/schema\/logo\/image\/"}}]}},"jetpack_sharing_enabled":true,"_links":{"self":[{"href":"https:\/\/puntualisimo.com\/fr\/wp-json\/wp\/v2\/pages\/3148","targetHints":{"allow":["GET"]}}],"collection":[{"href":"https:\/\/puntualisimo.com\/fr\/wp-json\/wp\/v2\/pages"}],"about":[{"href":"https:\/\/puntualisimo.com\/fr\/wp-json\/wp\/v2\/types\/page"}],"author":[{"embeddable":true,"href":"https:\/\/puntualisimo.com\/fr\/wp-json\/wp\/v2\/users\/1"}],"replies":[{"embeddable":true,"href":"https:\/\/puntualisimo.com\/fr\/wp-json\/wp\/v2\/comments?post=3148"}],"version-history":[{"count":11,"href":"https:\/\/puntualisimo.com\/fr\/wp-json\/wp\/v2\/pages\/3148\/revisions"}],"predecessor-version":[{"id":3167,"href":"https:\/\/puntualisimo.com\/fr\/wp-json\/wp\/v2\/pages\/3148\/revisions\/3167"}],"wp:attachment":[{"href":"https:\/\/puntualisimo.com\/fr\/wp-json\/wp\/v2\/media?parent=3148"}],"curies":[{"name":"wp","href":"https:\/\/api.w.org\/{rel}","templated":true}]}}